{"id":27,"date":"2021-07-07T15:01:28","date_gmt":"2021-07-07T15:01:28","guid":{"rendered":"http:\/\/psychotherapie-supervision-stegelmann.de\/?page_id=27"},"modified":"2022-10-20T08:55:32","modified_gmt":"2022-10-20T08:55:32","slug":"kontakt","status":"publish","type":"page","link":"https:\/\/psychotherapie-supervision-stegelmann.de\/da\/kontakt\/","title":{"rendered":"Kontakt"},"content":{"rendered":"\n<div class=\"wp-block-image is-style-default\"><figure class=\"alignleft size-medium\"><img loading=\"lazy\" decoding=\"async\" width=\"300\" height=\"300\" src=\"https:\/\/psychotherapie-supervision-stegelmann.de\/wp-content\/uploads\/2021\/09\/Stift-300x300.jpg\" alt=\"\" class=\"wp-image-179\" srcset=\"https:\/\/psychotherapie-supervision-stegelmann.de\/wp-content\/uploads\/2021\/09\/Stift-300x300.jpg 300w, https:\/\/psychotherapie-supervision-stegelmann.de\/wp-content\/uploads\/2021\/09\/Stift-150x150.jpg 150w, https:\/\/psychotherapie-supervision-stegelmann.de\/wp-content\/uploads\/2021\/09\/Stift-768x768.jpg 768w, https:\/\/psychotherapie-supervision-stegelmann.de\/wp-content\/uploads\/2021\/09\/Stift.jpg 1000w\" sizes=\"auto, (max-width: 300px) 100vw, 300px\" \/><\/figure><\/div>\n\n\n\n<p class=\"has-small-font-size\">Den f\u00f8rste kontakt sker som regel telefonisk, hvor vi aftaler en tid til den f\u00f8rste konsultation \u201eSprechstunde\u201c. Du kan ogs\u00e5 bestille en tid over \u201e Terminservice Vermittlungsstelle der KV-Berlin\u201c. Du beh\u00f8ver ingen henvisning fra din l\u00e6ge. Uafh\u00e6ngig af mine telefontider kan du ringe til mig mellem terapisessionerne, 10 minutter f\u00f8r hver fulde time.<\/p>\n\n\n\n<p><\/p>\n\n\n\n<p class=\"has-small-font-size\">Praksissen plejer at v\u00e6re \u00e5ben hverdage fra klokken 8-15.<\/p>\n\n\n\n<p><\/p>\n\n\n\n<p class=\"has-text-align-right has-small-font-size\">Praksis for psykoterapie og supervision<\/p>\n\n\n\n<p class=\"has-text-align-right\" style=\"font-size:12px\"><a href=\"https:\/\/goo.gl\/maps\/3fmgTgYDA7fxjc3r9\">https:\/\/goo.gl\/maps\/3fmgTgYDA7fxjc3r9<\/a><\/p>\n\n\n\n<p class=\"has-text-align-right has-small-font-size\">Uta Stegelmann<\/p>\n\n\n\n<p class=\"has-text-align-right has-small-font-size\">Bennigsenstra\u00dfe 1<\/p>\n\n\n\n<p class=\"has-text-align-right has-small-font-size\">D-12159 Berlin<\/p>\n\n\n\n<p class=\"has-text-align-right has-small-font-size\">Telefon: 030 69 531 555 <\/p>\n\n\n\n<p class=\"has-text-align-right has-small-font-size\">E-Mail: us@psychotherapie-supervision-stegelmann.de<\/p>\n","protected":false},"excerpt":{"rendered":"<p>Den f\u00f8rste kontakt sker som regel telefonisk, hvor vi aftaler en tid til den f\u00f8rste konsultation \u201eSprechstunde\u201c. Du kan ogs\u00e5 bestille en tid over \u201e Terminservice Vermittlungsstelle der KV-Berlin\u201c. Du beh\u00f8ver ingen henvisning fra din l\u00e6ge. Uafh\u00e6ngig af mine telefontider &hellip; <a href=\"https:\/\/psychotherapie-supervision-stegelmann.de\/da\/kontakt\/\">L\u00e6s resten <span class=\"meta-nav\">&rarr;<\/span><\/a><\/p>\n","protected":false},"author":1,"featured_media":0,"parent":0,"menu_order":0,"comment_status":"closed","ping_status":"closed","template":"onecolumn-page.php","meta":{"footnotes":""},"class_list":["post-27","page","type-page","status-publish","hentry"],"translation":{"provider":"WPGlobus","version":"2.12.2","language":"da","enabled_languages":["de","da"],"languages":{"de":{"title":true,"content":true,"excerpt":false},"da":{"title":true,"content":true,"excerpt":false}}},"_links":{"self":[{"href":"https:\/\/psychotherapie-supervision-stegelmann.de\/da\/wp-json\/wp\/v2\/pages\/27","targetHints":{"allow":["GET"]}}],"collection":[{"href":"https:\/\/psychotherapie-supervision-stegelmann.de\/da\/wp-json\/wp\/v2\/pages"}],"about":[{"href":"https:\/\/psychotherapie-supervision-stegelmann.de\/da\/wp-json\/wp\/v2\/types\/page"}],"author":[{"embeddable":true,"href":"https:\/\/psychotherapie-supervision-stegelmann.de\/da\/wp-json\/wp\/v2\/users\/1"}],"replies":[{"embeddable":true,"href":"https:\/\/psychotherapie-supervision-stegelmann.de\/da\/wp-json\/wp\/v2\/comments?post=27"}],"version-history":[{"count":17,"href":"https:\/\/psychotherapie-supervision-stegelmann.de\/da\/wp-json\/wp\/v2\/pages\/27\/revisions"}],"predecessor-version":[{"id":335,"href":"https:\/\/psychotherapie-supervision-stegelmann.de\/da\/wp-json\/wp\/v2\/pages\/27\/revisions\/335"}],"wp:attachment":[{"href":"https:\/\/psychotherapie-supervision-stegelmann.de\/da\/wp-json\/wp\/v2\/media?parent=27"}],"curies":[{"name":"wp","href":"https:\/\/api.w.org\/{rel}","templated":true}]}}