{"id":25,"date":"2021-07-07T15:01:17","date_gmt":"2021-07-07T15:01:17","guid":{"rendered":"http:\/\/psychotherapie-supervision-stegelmann.de\/?page_id=25"},"modified":"2021-09-20T11:26:59","modified_gmt":"2021-09-20T11:26:59","slug":"kosten","status":"publish","type":"page","link":"https:\/\/psychotherapie-supervision-stegelmann.de\/da\/kosten\/","title":{"rendered":"Omkostninger"},"content":{"rendered":"\n<div class=\"wp-block-image is-style-default\"><figure class=\"alignright size-medium\"><img loading=\"lazy\" decoding=\"async\" width=\"190\" height=\"300\" src=\"https:\/\/psychotherapie-supervision-stegelmann.de\/wp-content\/uploads\/2021\/09\/TK-Karte-190x300.jpg\" alt=\"\" class=\"wp-image-177\" srcset=\"https:\/\/psychotherapie-supervision-stegelmann.de\/wp-content\/uploads\/2021\/09\/TK-Karte-190x300.jpg 190w, https:\/\/psychotherapie-supervision-stegelmann.de\/wp-content\/uploads\/2021\/09\/TK-Karte.jpg 633w\" sizes=\"auto, (max-width: 190px) 100vw, 190px\" \/><\/figure><\/div>\n\n\n\n<p class=\"has-small-font-size\">Udgifterne til psykoterapi d\u00e6kkes af den tyske lovpligtige sygesikring og private sygesikringer. De tyske lovpligtige sygeforsikringer d\u00e6kker udgifterne til en korttidsbehandling p\u00e5 h\u00f8jst 24 sessioner og en langtidsbehandling p\u00e5 h\u00f8jst 80 sessioner. For private sygeforsikringer og andre omkostningsb\u00e6rere, som f.eks. de tyske \u201eBerufsgenossenschaften\u201c og \u201eBeihilfen\u201c kan det variere.<\/p>\n\n\n\n<p class=\"has-small-font-size\">Selvf\u00f8lgelig kan du ogs\u00e5 selv betale din terapi hvis du \u00f8nsker det.<\/p>\n\n\n\n<p class=\"has-small-font-size\">Omkostningerne for supervision, selvudvikling og coaching kan du selv, din arbejdsgiver eller evt. dit uddannelsessted betale.<\/p>\n\n\n\n<p class=\"has-small-font-size\">\u00c6gteskabs- og parr\u00e5dgivning skal du selv betale.<\/p>\n\n\n\n<p class=\"has-small-font-size\">Der skal betales et afbestillingsgebyr, hvis du ikke afbestiller 24 timer i forvejen i tilf\u00e6lde af sygdom og 3 arbejdsdage f\u00f8r i andre tilf\u00e6lde.<\/p>\n","protected":false},"excerpt":{"rendered":"<p>Udgifterne til psykoterapi d\u00e6kkes af den tyske lovpligtige sygesikring og private sygesikringer. De tyske lovpligtige sygeforsikringer d\u00e6kker udgifterne til en korttidsbehandling p\u00e5 h\u00f8jst 24 sessioner og en langtidsbehandling p\u00e5 h\u00f8jst 80 sessioner. For private sygeforsikringer og andre omkostningsb\u00e6rere, som f.eks. &hellip; <a href=\"https:\/\/psychotherapie-supervision-stegelmann.de\/da\/kosten\/\">L\u00e6s resten <span class=\"meta-nav\">&rarr;<\/span><\/a><\/p>\n","protected":false},"author":1,"featured_media":0,"parent":0,"menu_order":0,"comment_status":"closed","ping_status":"closed","template":"onecolumn-page.php","meta":{"footnotes":""},"class_list":["post-25","page","type-page","status-publish","hentry"],"translation":{"provider":"WPGlobus","version":"2.12.2","language":"da","enabled_languages":["de","da"],"languages":{"de":{"title":true,"content":true,"excerpt":false},"da":{"title":true,"content":true,"excerpt":false}}},"_links":{"self":[{"href":"https:\/\/psychotherapie-supervision-stegelmann.de\/da\/wp-json\/wp\/v2\/pages\/25","targetHints":{"allow":["GET"]}}],"collection":[{"href":"https:\/\/psychotherapie-supervision-stegelmann.de\/da\/wp-json\/wp\/v2\/pages"}],"about":[{"href":"https:\/\/psychotherapie-supervision-stegelmann.de\/da\/wp-json\/wp\/v2\/types\/page"}],"author":[{"embeddable":true,"href":"https:\/\/psychotherapie-supervision-stegelmann.de\/da\/wp-json\/wp\/v2\/users\/1"}],"replies":[{"embeddable":true,"href":"https:\/\/psychotherapie-supervision-stegelmann.de\/da\/wp-json\/wp\/v2\/comments?post=25"}],"version-history":[{"count":10,"href":"https:\/\/psychotherapie-supervision-stegelmann.de\/da\/wp-json\/wp\/v2\/pages\/25\/revisions"}],"predecessor-version":[{"id":311,"href":"https:\/\/psychotherapie-supervision-stegelmann.de\/da\/wp-json\/wp\/v2\/pages\/25\/revisions\/311"}],"wp:attachment":[{"href":"https:\/\/psychotherapie-supervision-stegelmann.de\/da\/wp-json\/wp\/v2\/media?parent=25"}],"curies":[{"name":"wp","href":"https:\/\/api.w.org\/{rel}","templated":true}]}}