{"id":23,"date":"2021-07-07T15:01:06","date_gmt":"2021-07-07T15:01:06","guid":{"rendered":"http:\/\/psychotherapie-supervision-stegelmann.de\/?page_id=23"},"modified":"2023-09-23T10:37:54","modified_gmt":"2023-09-23T10:37:54","slug":"meine-person","status":"publish","type":"page","link":"https:\/\/psychotherapie-supervision-stegelmann.de\/da\/meine-person\/","title":{"rendered":"Min person"},"content":{"rendered":"<div class=\"wp-block-image is-style-default\">\n<figure class=\"alignleft size-medium\"><img loading=\"lazy\" decoding=\"async\" width=\"203\" height=\"300\" src=\"https:\/\/psychotherapie-supervision-stegelmann.de\/wp-content\/uploads\/2021\/09\/Uta-203x300.jpg\" alt=\"\" class=\"wp-image-175\" srcset=\"https:\/\/psychotherapie-supervision-stegelmann.de\/wp-content\/uploads\/2021\/09\/Uta-203x300.jpg 203w, https:\/\/psychotherapie-supervision-stegelmann.de\/wp-content\/uploads\/2021\/09\/Uta.jpg 675w\" sizes=\"auto, (max-width: 203px) 100vw, 203px\" \/><\/figure>\n<\/div>\n\n\n<p class=\"has-small-font-size\">Det er vigtigt for mig at indtage en v\u00e6rds\u00e6ttende, accepterende, tolerant og samfundskritisk holdning i mit arbejde. Jeg s\u00e6tter l\u00f8bende sp\u00f8rgsm\u00e5ltegn ved min fremgangsm\u00e5de og deltager selv i supervision og udveksler ideer med kollegaer i intervisionsgrupper.<\/p>\n\n\n\n<p class=\"has-small-font-size\">Jeg er f\u00f8dt og opvokset i K\u00f8benhavn. Jeg tog til Berlin for at studere og har boet der lige siden. Jeg har tre b\u00f8rn.<\/p>\n\n\n\n<p class=\"has-small-font-size\">I Tyskland skal du som psykolog tage en 5 \u00e5rig videreuddannelse til \u201ePsychologische Psychotherapeut*In\u201c for at kunne f\u00e5 en godkendelse &nbsp;og starte din egen praksis som er godkendt af sygesikringerne.<\/p>\n\n\n\n<p class=\"has-small-font-size\">F\u00f8r jeg fik min egen praksis, var jeg ansat p\u00e5 forskellige station\u00e6re klinikker med fokus p\u00e5 misbrug, psykosomatik og neurologie. I 1999 fik jeg min godkendelsesom psykoterapeut. Mine videreruddannelser til psykoterapeut, IFA-leder og supervisor tog jeg p\u00e5 \u201cInstitut f\u00fcr Verhaltenstherapie\u201d. <\/p>\n\n\n\n<p class=\"has-small-font-size\">Derudover har jeg tagetforskellige andre videreuddannelser.<\/p>\n\n\n\n<p class=\"has-small-font-size\">I 2022 afsluttede jeg en videreuddannelse&nbsp;til &#8220;Balint Gruppeleder&#8221;.<\/p>\n\n\n\n<p class=\"has-small-font-size\"><a href=\"https:\/\/balintgesellschaft.de\/\" target=\"_blank\" rel=\"noreferrer noopener\">https:\/\/balintgesellschaft.de\/<\/a><\/p>\n\n\n\n<p class=\"has-small-font-size\">Jeg er medlem af &#8220;Psychotherapeutenkammer Berlin&#8221;. <\/p>\n\n\n\n<p class=\"has-small-font-size\"><a href=\"https:\/\/www.psychotherapeutenkammer-berlin.de\/\" data-type=\"URL\" data-id=\"https:\/\/www.psychotherapeutenkammer-berlin.de\/\" target=\"_blank\" rel=\"noreferrer noopener\">https:\/\/www.psychotherapeutenkammer-berlin.de\/<\/a><\/p>\n","protected":false},"excerpt":{"rendered":"<p>Det er vigtigt for mig at indtage en v\u00e6rds\u00e6ttende, accepterende, tolerant og samfundskritisk holdning i mit arbejde. Jeg s\u00e6tter l\u00f8bende sp\u00f8rgsm\u00e5ltegn ved min fremgangsm\u00e5de og deltager selv i supervision og udveksler ideer med kollegaer i intervisionsgrupper. Jeg er f\u00f8dt og &hellip; <a href=\"https:\/\/psychotherapie-supervision-stegelmann.de\/da\/meine-person\/\">L\u00e6s resten <span class=\"meta-nav\">&rarr;<\/span><\/a><\/p>\n","protected":false},"author":1,"featured_media":0,"parent":0,"menu_order":0,"comment_status":"closed","ping_status":"closed","template":"onecolumn-page.php","meta":{"footnotes":""},"class_list":["post-23","page","type-page","status-publish","hentry"],"translation":{"provider":"WPGlobus","version":"2.12.2","language":"da","enabled_languages":["de","da"],"languages":{"de":{"title":true,"content":true,"excerpt":false},"da":{"title":true,"content":true,"excerpt":false}}},"_links":{"self":[{"href":"https:\/\/psychotherapie-supervision-stegelmann.de\/da\/wp-json\/wp\/v2\/pages\/23","targetHints":{"allow":["GET"]}}],"collection":[{"href":"https:\/\/psychotherapie-supervision-stegelmann.de\/da\/wp-json\/wp\/v2\/pages"}],"about":[{"href":"https:\/\/psychotherapie-supervision-stegelmann.de\/da\/wp-json\/wp\/v2\/types\/page"}],"author":[{"embeddable":true,"href":"https:\/\/psychotherapie-supervision-stegelmann.de\/da\/wp-json\/wp\/v2\/users\/1"}],"replies":[{"embeddable":true,"href":"https:\/\/psychotherapie-supervision-stegelmann.de\/da\/wp-json\/wp\/v2\/comments?post=23"}],"version-history":[{"count":24,"href":"https:\/\/psychotherapie-supervision-stegelmann.de\/da\/wp-json\/wp\/v2\/pages\/23\/revisions"}],"predecessor-version":[{"id":346,"href":"https:\/\/psychotherapie-supervision-stegelmann.de\/da\/wp-json\/wp\/v2\/pages\/23\/revisions\/346"}],"wp:attachment":[{"href":"https:\/\/psychotherapie-supervision-stegelmann.de\/da\/wp-json\/wp\/v2\/media?parent=23"}],"curies":[{"name":"wp","href":"https:\/\/api.w.org\/{rel}","templated":true}]}}