{"id":17,"date":"2021-07-07T15:00:41","date_gmt":"2021-07-07T15:00:41","guid":{"rendered":"http:\/\/psychotherapie-supervision-stegelmann.de\/?page_id=17"},"modified":"2022-03-26T20:05:55","modified_gmt":"2022-03-26T20:05:55","slug":"weitere-angebote","status":"publish","type":"page","link":"https:\/\/psychotherapie-supervision-stegelmann.de\/da\/weitere-angebote\/","title":{"rendered":"Yderligere tilbud"},"content":{"rendered":"\n<p class=\"has-small-font-size\"><strong>Videreuddannelseskandidater<\/strong><\/p>\n\n\n\n<p class=\"has-small-font-size\">Hvis du er i videreuddannelse som psykolog eller l\u00e6ge i Tyskland, vil jeg gerne underst\u00f8tte dig. Ring eller skriv til mig og fort\u00e6l, hvad du har brug for.<\/p>\n\n\n\n<div class=\"wp-block-image is-style-default\"><figure class=\"alignright size-medium\"><img loading=\"lazy\" decoding=\"async\" width=\"300\" height=\"200\" src=\"https:\/\/psychotherapie-supervision-stegelmann.de\/wp-content\/uploads\/2021\/09\/Kamera-300x200.jpg\" alt=\"\" class=\"wp-image-170\" srcset=\"https:\/\/psychotherapie-supervision-stegelmann.de\/wp-content\/uploads\/2021\/09\/Kamera-300x200.jpg 300w, https:\/\/psychotherapie-supervision-stegelmann.de\/wp-content\/uploads\/2021\/09\/Kamera-768x512.jpg 768w, https:\/\/psychotherapie-supervision-stegelmann.de\/wp-content\/uploads\/2021\/09\/Kamera.jpg 1000w\" sizes=\"auto, (max-width: 300px) 100vw, 300px\" \/><\/figure><\/div>\n\n\n\n<p class=\"has-small-font-size\"><strong>Arbejdsplads- og anden Supervision<\/strong><\/p>\n\n\n\n<p class=\"has-small-font-size\">For at forblive mentalt sund og v\u00e6re i stand til at arbejde, er det nyttigt at sp\u00f8rge ind til b\u00e5de sin egen person og de strukturer, som vi bev\u00e6ger os i. Regelm\u00e6ssig supervision kan hj\u00e6lpe dig til at tage konflikterne i opl\u00f8bet, f\u00f8r de eskalerer. Det kan v\u00e6re gavnligt for projekter, arbejdssammenh\u00e6nge og bof\u00e6llesskaber.<\/p>\n\n\n\n<p><\/p>\n\n\n\n<p><\/p>\n\n\n\n<p class=\"has-small-font-size\"><strong>\u00c6gteskabs- og parterapi <\/strong><\/p>\n\n\n\n<div class=\"wp-block-image is-style-default\"><figure class=\"alignleft size-medium\"><img loading=\"lazy\" decoding=\"async\" width=\"300\" height=\"200\" src=\"https:\/\/psychotherapie-supervision-stegelmann.de\/wp-content\/uploads\/2021\/09\/Paarsteine-300x200.jpg\" alt=\"\" class=\"wp-image-171\" srcset=\"https:\/\/psychotherapie-supervision-stegelmann.de\/wp-content\/uploads\/2021\/09\/Paarsteine-300x200.jpg 300w, https:\/\/psychotherapie-supervision-stegelmann.de\/wp-content\/uploads\/2021\/09\/Paarsteine-768x512.jpg 768w, https:\/\/psychotherapie-supervision-stegelmann.de\/wp-content\/uploads\/2021\/09\/Paarsteine.jpg 1000w\" sizes=\"auto, (max-width: 300px) 100vw, 300px\" \/><\/figure><\/div>\n\n\n\n<p class=\"has-small-font-size\">Hvis du skal g\u00e5 til parterapi er det ikke sygesikringen, men jer selv der betaler. Et par kan v\u00e6re et k\u00e6restepar, et for\u00e6ldre\/barn par eller et vennepar. Her handler det om at identificere ugunstige strukturer i forholdet, forandre dem og finde frem til forholdets gunstige potientiale. Jeg er s\u00e6rligt specialiseret i dansk\/tysk binationale par.<\/p>\n","protected":false},"excerpt":{"rendered":"<p>Videreuddannelseskandidater Hvis du er i videreuddannelse som psykolog eller l\u00e6ge i Tyskland, vil jeg gerne underst\u00f8tte dig. Ring eller skriv til mig og fort\u00e6l, hvad du har brug for. Arbejdsplads- og anden Supervision For at forblive mentalt sund og v\u00e6re &hellip; <a href=\"https:\/\/psychotherapie-supervision-stegelmann.de\/da\/weitere-angebote\/\">L\u00e6s resten <span class=\"meta-nav\">&rarr;<\/span><\/a><\/p>\n","protected":false},"author":1,"featured_media":0,"parent":0,"menu_order":0,"comment_status":"closed","ping_status":"closed","template":"onecolumn-page.php","meta":{"footnotes":""},"class_list":["post-17","page","type-page","status-publish","hentry"],"translation":{"provider":"WPGlobus","version":"2.12.2","language":"da","enabled_languages":["de","da"],"languages":{"de":{"title":true,"content":true,"excerpt":false},"da":{"title":true,"content":true,"excerpt":false}}},"_links":{"self":[{"href":"https:\/\/psychotherapie-supervision-stegelmann.de\/da\/wp-json\/wp\/v2\/pages\/17","targetHints":{"allow":["GET"]}}],"collection":[{"href":"https:\/\/psychotherapie-supervision-stegelmann.de\/da\/wp-json\/wp\/v2\/pages"}],"about":[{"href":"https:\/\/psychotherapie-supervision-stegelmann.de\/da\/wp-json\/wp\/v2\/types\/page"}],"author":[{"embeddable":true,"href":"https:\/\/psychotherapie-supervision-stegelmann.de\/da\/wp-json\/wp\/v2\/users\/1"}],"replies":[{"embeddable":true,"href":"https:\/\/psychotherapie-supervision-stegelmann.de\/da\/wp-json\/wp\/v2\/comments?post=17"}],"version-history":[{"count":14,"href":"https:\/\/psychotherapie-supervision-stegelmann.de\/da\/wp-json\/wp\/v2\/pages\/17\/revisions"}],"predecessor-version":[{"id":325,"href":"https:\/\/psychotherapie-supervision-stegelmann.de\/da\/wp-json\/wp\/v2\/pages\/17\/revisions\/325"}],"wp:attachment":[{"href":"https:\/\/psychotherapie-supervision-stegelmann.de\/da\/wp-json\/wp\/v2\/media?parent=17"}],"curies":[{"name":"wp","href":"https:\/\/api.w.org\/{rel}","templated":true}]}}