{"id":15,"date":"2021-07-07T15:01:37","date_gmt":"2021-07-07T15:01:37","guid":{"rendered":"http:\/\/psychotherapie-supervision-stegelmann.de\/?page_id=15"},"modified":"2021-09-14T19:40:17","modified_gmt":"2021-09-14T19:40:17","slug":"angebote","status":"publish","type":"page","link":"https:\/\/psychotherapie-supervision-stegelmann.de\/da\/angebote\/","title":{"rendered":"Tilbud"},"content":{"rendered":"\n<p class=\"has-small-font-size\"><strong>Individuel terapi og gruppeterapi<\/strong><\/p>\n\n\n\n<div class=\"wp-block-image\"><figure class=\"alignright size-medium\"><img loading=\"lazy\" decoding=\"async\" width=\"200\" height=\"300\" src=\"https:\/\/psychotherapie-supervision-stegelmann.de\/wp-content\/uploads\/2021\/09\/Uta-mit-Klemmbrett-200x300.jpg\" alt=\"\" class=\"wp-image-166\" srcset=\"https:\/\/psychotherapie-supervision-stegelmann.de\/wp-content\/uploads\/2021\/09\/Uta-mit-Klemmbrett-200x300.jpg 200w, https:\/\/psychotherapie-supervision-stegelmann.de\/wp-content\/uploads\/2021\/09\/Uta-mit-Klemmbrett.jpg 667w\" sizes=\"auto, (max-width: 200px) 100vw, 200px\" \/><\/figure><\/div>\n\n\n\n<p class=\"has-small-font-size\">Hvis du har brug for professionel psykoterapeutisk st\u00f8tte, eller hvis din l\u00e6ge har anbefalet at du g\u00e5r til en psykoterapeut, s\u00e5 er du kommet til det rette sted. \u00c5rsagerne til at bes\u00f8ge en psykoterapeut kan v\u00e6re:&nbsp;<\/p>\n\n\n\n<p class=\"has-small-font-size\">Depression, diffus angst, panikangst, psykosomatiske klager, smerter, personlighedsforstyrrelser, problemer med andre mennesker, stress, burn-out, boreout, problemer i dit parforhold, s\u00f8vnl\u00f8shed, arbejdsrelaterede problemer, problemer med selvv\u00e6rd, identitetsproblemer, psykiske lidelser p\u00e5 grund af barnl\u00f8shed eller kroniske sygdomme og mange flere.<\/p>\n\n\n\n<p class=\"has-small-font-size\">Jeg tilbyder adf\u00e6rdsterapi. N\u00e5r vi er blevet enige om at arbejde sammen, starter vi med diagnostikken. Dette sker via samtaler og sp\u00f8rgeskemaer. Vi kigger p\u00e5 din biografi for at finde ud af hvilke forhold i din livshistorie der har f\u00f8rt til den ugunstige v\u00e6rem\u00e5de og hvilke bevidste og ubevidste l\u00e6ringprocesser, der har fundet sted og som har f\u00f8rt til dysfunktionaliteterne. Disse \u00e6ndres derefter gradvist til mere gunstige v\u00e6rem\u00e5der. F\u00f8leserne, kropsoplevelsen og tankerne bliver mere positive. Det er is\u00e6r vigtigt, at afpr\u00f8ve nye ting i virkeligheden. Mellem sessionerne er det en god ide at lave de i f\u00e6llesskab fastlagte opgaver. M\u00e5let er at du gennem vores samtaler oplever lettelse og lindring af dine psykiske belastninger, s\u00e5 du kan leve det liv du \u00f8nsker.<\/p>\n\n\n\n<figure class=\"wp-block-image size-full is-resized is-style-default\"><img loading=\"lazy\" decoding=\"async\" src=\"https:\/\/psychotherapie-supervision-stegelmann.de\/wp-content\/uploads\/2021\/09\/Stuhlreihe.jpg\" alt=\"\" class=\"wp-image-168\" width=\"200\" height=\"300\" srcset=\"https:\/\/psychotherapie-supervision-stegelmann.de\/wp-content\/uploads\/2021\/09\/Stuhlreihe.jpg 667w, https:\/\/psychotherapie-supervision-stegelmann.de\/wp-content\/uploads\/2021\/09\/Stuhlreihe-200x300.jpg 200w\" sizes=\"auto, (max-width: 200px) 100vw, 200px\" \/><\/figure>\n\n\n\n<p class=\"has-small-font-size\">Som en yderligere form for psykoterapi tilbyder jeg ogs\u00e5 adf\u00e6rdsorienteret gruppepsykoterapi. Parallelt til enkeltterapien kan du ogs\u00e5 deltage i gruppeterapi, der ligesom enkeltterapi bliver anerkendt og betalt af sygesikringerne. Det er bevist at gruppenterapi er meget effektivt for mange persongrupper. Ved den indledende samtale overvejer vi, om gruppeterapi passer til dig. Form\u00e5let med gruppeterapien er at aktivere og \u00f8ge modstandskraften gennem mindfulness. Her anvendes s\u00e6rligt kreative behandlingsmetoder.<\/p>\n","protected":false},"excerpt":{"rendered":"<p>Individuel terapi og gruppeterapi Hvis du har brug for professionel psykoterapeutisk st\u00f8tte, eller hvis din l\u00e6ge har anbefalet at du g\u00e5r til en psykoterapeut, s\u00e5 er du kommet til det rette sted. \u00c5rsagerne til at bes\u00f8ge en psykoterapeut kan v\u00e6re:&nbsp; &hellip; <a href=\"https:\/\/psychotherapie-supervision-stegelmann.de\/da\/angebote\/\">L\u00e6s resten <span class=\"meta-nav\">&rarr;<\/span><\/a><\/p>\n","protected":false},"author":1,"featured_media":0,"parent":0,"menu_order":0,"comment_status":"closed","ping_status":"closed","template":"onecolumn-page.php","meta":{"footnotes":""},"class_list":["post-15","page","type-page","status-publish","hentry"],"translation":{"provider":"WPGlobus","version":"2.12.2","language":"da","enabled_languages":["de","da"],"languages":{"de":{"title":true,"content":true,"excerpt":false},"da":{"title":true,"content":true,"excerpt":false}}},"_links":{"self":[{"href":"https:\/\/psychotherapie-supervision-stegelmann.de\/da\/wp-json\/wp\/v2\/pages\/15","targetHints":{"allow":["GET"]}}],"collection":[{"href":"https:\/\/psychotherapie-supervision-stegelmann.de\/da\/wp-json\/wp\/v2\/pages"}],"about":[{"href":"https:\/\/psychotherapie-supervision-stegelmann.de\/da\/wp-json\/wp\/v2\/types\/page"}],"author":[{"embeddable":true,"href":"https:\/\/psychotherapie-supervision-stegelmann.de\/da\/wp-json\/wp\/v2\/users\/1"}],"replies":[{"embeddable":true,"href":"https:\/\/psychotherapie-supervision-stegelmann.de\/da\/wp-json\/wp\/v2\/comments?post=15"}],"version-history":[{"count":13,"href":"https:\/\/psychotherapie-supervision-stegelmann.de\/da\/wp-json\/wp\/v2\/pages\/15\/revisions"}],"predecessor-version":[{"id":279,"href":"https:\/\/psychotherapie-supervision-stegelmann.de\/da\/wp-json\/wp\/v2\/pages\/15\/revisions\/279"}],"wp:attachment":[{"href":"https:\/\/psychotherapie-supervision-stegelmann.de\/da\/wp-json\/wp\/v2\/media?parent=15"}],"curies":[{"name":"wp","href":"https:\/\/api.w.org\/{rel}","templated":true}]}}